{"id":163,"date":"2025-12-04T14:00:10","date_gmt":"2025-12-04T13:00:10","guid":{"rendered":"https:\/\/itmalimentaire.fr\/?page_id=163"},"modified":"2025-12-04T14:00:10","modified_gmt":"2025-12-04T13:00:10","slug":"approvisionnement-stocks-3","status":"publish","type":"page","link":"https:\/\/itmalimentaire.fr\/?page_id=163","title":{"rendered":"Approvisionnement &#038; stocks"},"content":{"rendered":"<div class=\"brz brz-root__container brz-reset-all brz-root__container-page\" >\n<section id=\"tn0qhy3rbM7a_tn0qhy3rbM7a\" class=\"brz-section brz-css-d-section brz-css-1tgx5vw\">\n<div class=\"brz-section__content brz-section--boxed brz-css-d-sectionitem-bg brz-css-wudtoe\" data-brz-custom-id=\"exvpEkHxMfu0\">\n<div class=\"brz-bg\">\n<div class=\"brz-bg-image\"><\/div>\n<div data-type=\"bgVideoCustom\" data-loop=\"true\" data-start=\"0\" class=\"brz-bg-video\"><video class=\"brz-bg-video-custom brz-bg-video__cover\" muted=\"\" autoplay=\"\" playsinline=\"\" src=\"https:\/\/itmalimentaire.fr\/wp-content\/uploads\/2025\/12\/hero-bg-02.mp4\" data-src=\"https:\/\/itmalimentaire.fr\/wp-content\/uploads\/2025\/12\/hero-bg-02.mp4\" style=\"display:block\"><\/video><\/div>\n<div class=\"brz-bg-color\"><\/div>\n<\/div>\n<div class=\"brz-container brz-css-d-sectionitem-container brz-css-1shr7fp\">\n<div id=\"\" class=\"brz-css-d-wrapper brz-css-d8l3aw brz-wrapper\">\n<div class=\"brz-rich-text brz-rich-text__custom brz-css-d-richtext brz-css-hibq7t\" data-brz-custom-id=\"ecUqyrm5GfKN\">\n<div data-brz-translate-text=\"1\">\n<p class=\"brz-tp-lg-paragraph brz-text-lg-center brz-css-tMYzy\" data-generated-css=\"brz-css-yTgn4\" data-uniq-id=\"rUIWJ\"><span class=\"brz-cp-color8\" style=\"color: rgba(var(--brz-global-color8),1);\">ITM ALIEMNTAIRE<\/span><\/p>\n<\/div>\n<\/div>\n<\/div>\n<div id=\"\" class=\"brz-css-d-wrapper brz-css-miolod brz-wrapper\">\n<div class=\"brz-rich-text brz-rich-text__custom brz-css-d-richtext brz-css-n2q0mp\" data-brz-custom-id=\"cV7BCwMxMhan\">\n<div data-brz-translate-text=\"1\">\n<h1 class=\"brz-tp-lg-heading1 brz-text-lg-center brz-css-vfOia\" data-uniq-id=\"luaCg\" data-generated-css=\"brz-css-yHn67\"><span style=\"color: rgba(var(--brz-global-color3),1);\" class=\"brz-cp-color3\">NOS ACTIVIT\u00c9S<\/span><\/h1>\n<\/div>\n<\/div>\n<\/div>\n<div id=\"\" class=\"brz-css-d-wrapper brz-css-gn85pl brz-wrapper\">\n<div class=\"brz-rich-text brz-rich-text__custom brz-css-d-richtext brz-css-q44fj3\" data-brz-custom-id=\"hv9XffsMydyp\">\n<div data-brz-translate-text=\"1\">\n<p class=\"brz-text-lg-center brz-tp-lg-empty brz-ff-rajdhani brz-ft-google brz-fs-lg-40 brz-fss-lg-px brz-fw-lg-700 brz-ls-lg-0 brz-lh-lg-1_2 brz-vfw-lg-400 brz-fwdth-lg-100 brz-fsft-lg-0 brz-css-jvDAU\" data-uniq-id=\"h_Lyu\" data-generated-css=\"brz-css-zCmGS\"><span class=\"brz-cp-color8\" style=\"color: rgba(var(--brz-global-color8),1);\">Un acteur d\u00e9di\u00e9 \u00e0 la supply chain limentaire<\/span><\/p>\n<p class=\"brz-text-lg-center brz-tp-lg-paragraph brz-css-xg63g\" data-uniq-id=\"wIgAo\" data-generated-css=\"brz-css-uvCsq\"><\/p>\n<\/div>\n<\/div>\n<\/div>\n<\/div>\n<\/div>\n<\/section>\n<section id=\"aD32Kl0fdsZU_aD32Kl0fdsZU\" class=\"brz-section brz-css-d-section brz-css-14563xm\">\n<div class=\"brz-section__content brz-section--boxed brz-css-d-sectionitem-bg brz-css-lqkgcu\" data-brz-custom-id=\"hVtY_b0ZA2pH\">\n<div class=\"brz-container brz-css-d-sectionitem-container brz-css-1kc0r4k\">\n<div class=\"brz-row__container brz-css-d-row-row brz-css-cn3wa0\" data-brz-custom-id=\"yCcp6L8F0Xvn\">\n<div class=\"brz-row brz-css-d-row-container brz-css-r-row-container brz-css-fiqzwp\">\n<div class=\"brz-columns brz-css-d-column-column brz-css-j8cd9a\" data-brz-custom-id=\"qWGebEHJYkFe\">\n<div class=\"brz-column__items brz-css-d-column-bg brz-css-7ljki0\">\n<div id=\"\" class=\"brz-css-d-wrapper brz-css-1boymvm brz-wrapper\">\n<div class=\"brz-rich-text brz-rich-text__custom brz-css-d-richtext brz-css-t9xypd\" data-brz-custom-id=\"nLRVmr9rPQ7f\">\n<div data-brz-translate-text=\"1\">\n<p class=\"brz-text-lg-left brz-tp-lg-abovetitle brz-css-p18i4\" data-uniq-id=\"kPMPe\" data-generated-css=\"brz-css-sVBKY\">ITM ALIEMTAIRE<\/p>\n<\/div>\n<\/div>\n<\/div>\n<div id=\"\" class=\"brz-css-d-wrapper brz-css-1sab3y3 brz-wrapper\">\n<div class=\"brz-rich-text brz-rich-text__custom brz-css-d-richtext brz-css-13n0y1n\" data-brz-custom-id=\"yn57DBM5eCXK\">\n<div data-brz-translate-text=\"1\">\n<h3 class=\"brz-tp-lg-heading3 brz-css-x4rb2\" data-generated-css=\"brz-css-mnOSn\" data-uniq-id=\"tD_PY\"><strong class=\"brz-cp-color7\">Exploitation &amp; Entrep\u00f4ts<\/strong><\/h3>\n<\/div>\n<\/div>\n<\/div>\n<div id=\"\" class=\"brz-css-d-wrapper brz-css-1ddwmpm brz-wrapper\">\n<div class=\"brz-rich-text brz-rich-text__custom brz-css-d-richtext brz-css-ozoai5\" data-brz-custom-id=\"qvieI9CQ8FcQ\">\n<div data-brz-translate-text=\"1\">\n<p class=\"brz-text-xs-justify brz-mb-xs-0 brz-vfw-xs-400 brz-fwdth-xs-100 brz-fsft-xs-0 brz-tp-xs-empty brz-fs-xs-16 brz-fss-xs-px brz-fw-xs-400 brz-ls-xs-0 brz-lh-xs-2_5 brz-tp-lg-empty brz-ff-open_sans brz-ft-google brz-fs-lg-16 brz-fss-lg-px brz-fw-lg-400 brz-ls-lg-0 brz-lh-lg-1_8 brz-vfw-lg-400 brz-fwdth-lg-100 brz-fsft-lg-0 brz-css-jLmMc\" data-uniq-id=\"ptdrV\" data-generated-css=\"brz-css-pHMkA\"><span class=\"brz-cp-color7\">L\u2019activit\u00e9 Exploitation &amp; Entrep\u00f4ts s\u2019articule autour d\u2019une organisation pr\u00e9cise et performante pour garantir la fiabilit\u00e9 de toute la cha\u00eene logistique. Nos infrastructures permettent le stockage multi-temp\u00e9ratures, assurant la conservation optimale de chaque typologie de produit, du sec \u00e0 l\u2019ultra-frais. Les \u00e9quipes pilotent la pr\u00e9paration des commandes avec une exigence constante de rapidit\u00e9 et d&rsquo;exactitude, en s\u2019appuyant sur des processus ma\u00eetris\u00e9s et des outils digitaux de suivi. L\u2019optimisation des emplacements et des parcours de picking permet de r\u00e9duire les d\u00e9placements, d\u2019acc\u00e9l\u00e9rer les flux et d\u2019am\u00e9liorer la productivit\u00e9 globale. Gr\u00e2ce \u00e0 une exploitation structur\u00e9e et \u00e0 une gestion fine des entrep\u00f4ts, nous garantissons une qualit\u00e9 de service \u00e9lev\u00e9e et une disponibilit\u00e9 continue pour nos clients et partenaires.<\/span><\/p>\n<\/div>\n<\/div>\n<\/div>\n<div id=\"\" class=\"brz-css-d-wrapper brz-css-r-wrapper brz-css-w8z4iq brz-wrapper\">\n<div class=\"brz-spacer brz-css-d-spacer brz-css-1iyckm5\"><\/div>\n<\/div>\n<div id=\"\" class=\"brz-css-d-wrapper brz-css-1yhyb5k brz-wrapper\">\n<div class=\"brz-image brz-css-d-image-qg678kywn4wi-parent brz-css-f99oo5\" data-brz-custom-id=\"qG678kywn4WI\"><picture class=\"brz-picture brz-d-block brz-p-relative brz-css-d-image-qg678kywn4wi-picture brz-css-wy5ito\"><source srcset=\"https:\/\/itmalimentaire.fr\/wp-content\/uploads\/2025\/12\/exploitation-entrepots.png 1x, https:\/\/itmalimentaire.fr\/wp-content\/uploads\/2025\/12\/exploitation-entrepots.png 2x\" media=\"(min-width: 992px)\"><source srcset=\"https:\/\/itmalimentaire.fr\/wp-content\/uploads\/2025\/12\/exploitation-entrepots.png 1x, https:\/\/itmalimentaire.fr\/wp-content\/uploads\/2025\/12\/exploitation-entrepots.png 2x\" media=\"(min-width: 768px)\"><img decoding=\"async\" class=\"brz-img\" srcset=\"https:\/\/itmalimentaire.fr\/wp-content\/uploads\/2025\/12\/exploitation-entrepots.png 1x, https:\/\/itmalimentaire.fr\/wp-content\/uploads\/2025\/12\/exploitation-entrepots.png 2x\" src=\"https:\/\/itmalimentaire.fr\/wp-content\/uploads\/2025\/12\/exploitation-entrepots.png\" loading=\"lazy\" alt=\"{{brizy_dc_image_alt imageSrc=\"wp-38b868c4c367b088df9e5b088c52f766.png\"}}\" title=\"\" draggable=\"false\"><\/picture><\/div>\n<\/div>\n<\/div>\n<\/div>\n<\/div>\n<\/div>\n<\/div>\n<\/div>\n<\/section><\/div>\n<p><!-- version:1764853210 --><\/p>\n","protected":false},"excerpt":{"rendered":"<p>ITM ALIEMNTAIRE NOS ACTIVIT\u00c9S Un acteur d\u00e9di\u00e9 \u00e0 la supply chain limentaire ITM ALIEMTAIRE Exploitation &amp; Entrep\u00f4ts L\u2019activit\u00e9 Exploitation &amp; Entrep\u00f4ts s\u2019articule autour d\u2019une organisation pr\u00e9cise et performante pour garantir la fiabilit\u00e9 de toute la cha\u00eene logistique. Nos infrastructures permettent le stockage multi-temp\u00e9ratures, assurant la conservation optimale de chaque typologie de produit, du sec \u00e0 [&hellip;]<\/p>\n","protected":false},"author":1,"featured_media":0,"parent":0,"menu_order":0,"comment_status":"closed","ping_status":"closed","template":"brizy-blank-template.php","meta":{"footnotes":""},"class_list":["post-163","page","type-page","status-publish","hentry"],"blocksy_meta":[],"brizy_media":[{"id":160,"url":"https:\/\/itmalimentaire.fr\/wp-content\/uploads\/2025\/12\/approvisionnement-stocks.png","name":"approvisionnement-stocks.png","meta":{"brizy_attachment_uid":"wp-eb54abf927af865fe4452cafc6a9841a.png","brizy_post_uid":["0c24c7c584abc071d2ad8bd81390944e","7d4bff7ae8f9821a9c1b6b6dddd1c426"]}},{"id":165,"url":"https:\/\/itmalimentaire.fr\/wp-content\/uploads\/2025\/12\/exploitation-entrepots.png","name":"exploitation-entrepots.png","meta":{"brizy_attachment_uid":"wp-38b868c4c367b088df9e5b088c52f766.png","brizy_post_uid":["0c24c7c584abc071d2ad8bd81390944e","7d4bff7ae8f9821a9c1b6b6dddd1c426"]}},{"id":173,"url":"https:\/\/itmalimentaire.fr\/wp-content\/uploads\/2025\/12\/transport-distribution.png","name":"transport-distribution.png","meta":{"brizy_attachment_uid":"wp-4e7b4e1f25a4407b3907bf4b5d8a9306.png","brizy_post_uid":["0c24c7c584abc071d2ad8bd81390944e","9792579034b7e00cb7e5f0a0ebc8663c","7d4bff7ae8f9821a9c1b6b6dddd1c426"]}},{"id":179,"url":"https:\/\/itmalimentaire.fr\/wp-content\/uploads\/2025\/12\/Qualite-conformite.png","name":"Qualite-conformite.png","meta":{"brizy_attachment_uid":"wp-0aade7d94791205dc9bc8d7019dadad2.png","brizy_post_uid":["0c24c7c584abc071d2ad8bd81390944e","7d4bff7ae8f9821a9c1b6b6dddd1c426"]}}],"_links":{"self":[{"href":"https:\/\/itmalimentaire.fr\/index.php?rest_route=\/wp\/v2\/pages\/163","targetHints":{"allow":["GET"]}}],"collection":[{"href":"https:\/\/itmalimentaire.fr\/index.php?rest_route=\/wp\/v2\/pages"}],"about":[{"href":"https:\/\/itmalimentaire.fr\/index.php?rest_route=\/wp\/v2\/types\/page"}],"author":[{"embeddable":true,"href":"https:\/\/itmalimentaire.fr\/index.php?rest_route=\/wp\/v2\/users\/1"}],"replies":[{"embeddable":true,"href":"https:\/\/itmalimentaire.fr\/index.php?rest_route=%2Fwp%2Fv2%2Fcomments&post=163"}],"version-history":[{"count":2,"href":"https:\/\/itmalimentaire.fr\/index.php?rest_route=\/wp\/v2\/pages\/163\/revisions"}],"predecessor-version":[{"id":167,"href":"https:\/\/itmalimentaire.fr\/index.php?rest_route=\/wp\/v2\/pages\/163\/revisions\/167"}],"wp:attachment":[{"href":"https:\/\/itmalimentaire.fr\/index.php?rest_route=%2Fwp%2Fv2%2Fmedia&parent=163"}],"curies":[{"name":"wp","href":"https:\/\/api.w.org\/{rel}","templated":true}]}}