{"id":65,"date":"2025-09-15T14:11:18","date_gmt":"2025-09-15T14:11:18","guid":{"rendered":"https:\/\/websitebuilder-demo.net\/voltmaster\/?page_id=24"},"modified":"2025-12-04T18:11:44","modified_gmt":"2025-12-04T17:11:44","slug":"about","status":"publish","type":"page","link":"https:\/\/itmalimentaire.fr\/?page_id=65","title":{"rendered":"About"},"content":{"rendered":"<div class=\"brz brz-root__container brz-reset-all brz-root__container-page\" >\n<section id=\"pPVOvlnIdvIP_pPVOvlnIdvIP\" class=\"brz-section brz-css-d-section brz-css-1tkhqoe\">\n<div class=\"brz-section__content brz-section--boxed brz-css-d-sectionitem-bg brz-css-tcnxtw\" data-brz-custom-id=\"z7iamQZ4HjLF\">\n<div class=\"brz-bg\">\n<div class=\"brz-bg-image\"><\/div>\n<div data-type=\"bgVideoCustom\" data-loop=\"true\" data-start=\"0\" class=\"brz-bg-video\"><video class=\"brz-bg-video-custom brz-bg-video__cover\" muted=\"\" autoplay=\"\" playsinline=\"\" src=\"https:\/\/itmalimentaire.fr\/wp-content\/uploads\/2025\/12\/hero-bg-02.mp4\" data-src=\"https:\/\/itmalimentaire.fr\/wp-content\/uploads\/2025\/12\/hero-bg-02.mp4\" style=\"display:block\"><\/video><\/div>\n<div class=\"brz-bg-color\"><\/div>\n<\/div>\n<div class=\"brz-container brz-css-d-sectionitem-container brz-css-1olgjsr\">\n<div id=\"\" class=\"brz-css-d-wrapper brz-css-xbttnv brz-wrapper\">\n<div class=\"brz-rich-text brz-rich-text__custom brz-css-d-richtext brz-css-1cfrkyz\" data-brz-custom-id=\"h_PVP6xKbJm2\">\n<div data-brz-translate-text=\"1\">\n<p class=\"brz-text-lg-center brz-tp-lg-paragraph brz-css-wTLjP\" data-uniq-id=\"z44e3\" data-generated-css=\"brz-css-up37R\"><span class=\"brz-cp-color8\" style=\"color: rgba(var(--brz-global-color8),1);\">ITM ALIMENTAIRE<\/span><\/p>\n<\/div>\n<\/div>\n<\/div>\n<div id=\"\" class=\"brz-css-d-wrapper brz-css-1rzstst brz-wrapper\">\n<div class=\"brz-rich-text brz-rich-text__custom brz-css-d-richtext brz-css-16s8gy6\" data-brz-custom-id=\"jniID7ueA02f\">\n<div data-brz-translate-text=\"1\">\n<h1 class=\"brz-text-lg-center brz-tp-lg-heading1 brz-css-jtZ2c\" data-generated-css=\"brz-css-d63pg\" data-uniq-id=\"kRC1C\"><span class=\"brz-cp-color8\" style=\"color: rgba(var(--brz-global-color8),1);\">A Propos de<\/span><\/h1>\n<\/div>\n<\/div>\n<\/div>\n<div id=\"\" class=\"brz-css-d-wrapper brz-css-1h6v0jv brz-wrapper\">\n<div class=\"brz-rich-text brz-rich-text__custom brz-css-d-richtext brz-css-1aidzd\" data-brz-custom-id=\"mIMXyOcd0NFp\">\n<div data-brz-translate-text=\"1\">\n<div class=\"ql-editor brz-css-pK6JW\" data-gramm=\"false\" contenteditable=\"true\" data-placeholder=\"Enter text here...\">\n<p class=\"brz-tp-lg-paragraph brz-text-lg-center brz-css-l_TZQ\" data-generated-css=\"brz-css-cFFLh\" data-uniq-id=\"qGjgW\"><span class=\"brz-cp-color8\" style=\"color: rgba(var(--brz-global-color8),1);\">Un acteur r\u00e9gional au service de la performance logistique<\/span><\/p>\n<\/div>\n<div class=\"ql-clipboard brz-css-lXC0a\" contenteditable=\"true\" tabindex=\"-1\"><\/div>\n<\/div>\n<\/div>\n<\/div>\n<\/div>\n<\/div>\n<\/section>\n<section id=\"xrWFaqyJeWTu_xrWFaqyJeWTu\" class=\"brz-section brz-css-d-section brz-css-c3jm5e\">\n<div class=\"brz-section__content brz-section--boxed brz-css-d-sectionitem-bg brz-css-1guq3xr\" data-brz-custom-id=\"aUUqTtpaiTJp\">\n<div class=\"brz-bg\">\n<div class=\"brz-bg-image\"><\/div>\n<\/div>\n<div class=\"brz-container brz-css-d-sectionitem-container brz-css-u704q7\">\n<div class=\"brz-row__container brz-css-d-row-row brz-css-1pei4bg\" data-brz-custom-id=\"rZGrSaXGKNTq\">\n<div class=\"brz-row brz-css-d-row-container brz-css-r-row-container brz-css-1hqm4lu\">\n<div class=\"brz-columns brz-css-d-column-column brz-css-y2li7v\" data-brz-custom-id=\"mDVeGaqcI5lm\">\n<div class=\"brz-column__items brz-css-d-column-bg brz-css-1m7nmqw\">\n<div id=\"\" class=\"brz-css-d-wrapper brz-css-1jnkby8 brz-wrapper\">\n<div class=\"brz-rich-text brz-rich-text__custom brz-css-d-richtext brz-css-1yrf7g1\" data-brz-custom-id=\"vyBsC1oMHfIO\">\n<div data-brz-translate-text=\"1\">\n<p class=\"brz-text-lg-left brz-tp-lg-abovetitle brz-css-l6Gum\" data-uniq-id=\"drCoo\" data-generated-css=\"brz-css-zz7WI\"><\/p>\n<\/div>\n<\/div>\n<\/div>\n<div id=\"\" class=\"brz-css-d-wrapper brz-css-906cie brz-wrapper\">\n<div class=\"brz-rich-text brz-rich-text__custom brz-css-d-richtext brz-css-yr89i9\" data-brz-custom-id=\"owWWcHbM7jil\">\n<div data-brz-translate-text=\"1\">\n<p class=\"brz-text-lg-left brz-fss-lg-px brz-fw-lg-700 brz-ls-lg-0 brz-lh-lg-1_2 brz-vfw-lg-400 brz-fwdth-lg-100 brz-fsft-lg-0 brz-tp-lg-empty brz-ff-rajdhani brz-ft-google brz-fs-lg-72 brz-css-fo7jN\" data-generated-css=\"brz-css-zjn_O\" data-uniq-id=\"mX8kP\"><span class=\"brz-cp-color7\">Notre engagement: fiabilit\u00e9, s\u00e9curit\u00e9 et performance<\/span><\/p>\n<\/div>\n<\/div>\n<\/div>\n<\/div>\n<\/div>\n<div class=\"brz-columns brz-css-d-column-column brz-css-3x0d5g\" data-brz-custom-id=\"sDi6h_YVIUVF\">\n<div class=\"brz-column__items brz-css-d-column-bg brz-css-1jnz4qa\">\n<div id=\"\" class=\"brz-css-d-wrapper brz-css-ed7s5r brz-wrapper\">\n<div class=\"brz-rich-text brz-rich-text__custom brz-css-d-richtext brz-css-xr4853\" data-brz-custom-id=\"a2q5ANdETPlR\">\n<div data-brz-translate-text=\"1\">\n<p class=\"brz-tp-lg-paragraph brz-css-eccK9\" data-generated-css=\"brz-css-o0c7m\" data-uniq-id=\"arJK1\"><span class=\"brz-cp-color7\">Chez ITM ALIMENTAIRE, nous pla\u00e7ons la fiabilit\u00e9 op\u00e9rationnelle au c\u0153ur de notre activit\u00e9. Notre organisation est pens\u00e9e pour assurer :<\/span><\/p>\n<p class=\"brz-tp-lg-paragraph brz-css-hC_a7\" data-generated-css=\"brz-css-hQmDj\" data-uniq-id=\"qLOAz\"><\/p>\n<ul>\n<li class=\"brz-tp-lg-paragraph brz-bcp-color7 brz-css-gAygT\" data-generated-css=\"brz-css-vMFPw\" data-uniq-id=\"z1uVG\"><span class=\"brz-cp-color7\">Une disponibilit\u00e9 continue des produits<\/span><\/li>\n<li class=\"brz-tp-lg-paragraph brz-bcp-color7 brz-css-bI50y\" data-generated-css=\"brz-css-wRc1G\" data-uniq-id=\"ulhHN\"><span class=\"brz-cp-color7\">Un traitement conforme aux exigences du secteur alimentaire<\/span><\/li>\n<li class=\"brz-tp-lg-paragraph brz-bcp-color7 brz-css-wwOnA\" data-generated-css=\"brz-css-lHIgY\" data-uniq-id=\"p1iYM\"><span class=\"brz-cp-color7\">Une optimisation permanente des flux<\/span><\/li>\n<li class=\"brz-tp-lg-paragraph brz-bcp-color7 brz-css-jiHtE\" data-generated-css=\"brz-css-gqlDr\" data-uniq-id=\"y_Ef4\"><span class=\"brz-cp-color7\">Une qualit\u00e9 de service mesur\u00e9e et suivie<\/span><\/li>\n<\/ul>\n<p class=\"brz-tp-lg-paragraph brz-css-qZ05k\" data-generated-css=\"brz-css-jKZkv\" data-uniq-id=\"ufk5g\"><\/p>\n<ul>\n<li class=\"brz-tp-lg-paragraph brz-bcp-color7 brz-css-gFjze\" data-generated-css=\"brz-css-jdpeS\" data-uniq-id=\"iPxsf\"><span class=\"brz-cp-color7\">Une distribution s\u00e9curis\u00e9e et ponctuelle<\/span><\/li>\n<\/ul>\n<p class=\"brz-tp-lg-paragraph brz-css-h1Xj0\" data-generated-css=\"brz-css-jm2dg\" data-uniq-id=\"q707a\"><\/p>\n<p class=\"brz-tp-lg-paragraph brz-css-jkXBf\" data-generated-css=\"brz-css-zx6ik\" data-uniq-id=\"rm20e\"><\/p>\n<p class=\"brz-tp-lg-paragraph brz-css-pqpLs\" data-generated-css=\"brz-css-yfa2i\" data-uniq-id=\"xfrp5\"><span class=\"brz-cp-color7\">Chaque collaborateur contribue \u00e0 maintenir un haut niveau d\u2019exigence afin d\u2019accompagner durablement les magasins et d\u2019assurer la satisfaction de leurs clients.<\/span><\/p>\n<\/div>\n<\/div>\n<\/div>\n<\/div>\n<\/div>\n<\/div>\n<\/div>\n<div id=\"\" class=\"brz-css-d-wrapper brz-css-r-wrapper brz-css-1mmt7t brz-wrapper\">\n<div class=\"brz-spacer brz-css-d-spacer brz-css-n3kqfk\"><\/div>\n<\/div>\n<div id=\"\" class=\"brz-css-d-wrapper brz-css-ox0ilc brz-wrapper\">\n<div class=\"brz-image brz-css-d-image-oomdt_auwwqn-parent brz-css-12ar8sp\" data-brz-custom-id=\"oomdt_auwWqN\"><picture class=\"brz-picture brz-d-block brz-p-relative brz-css-d-image-oomdt_auwwqn-picture brz-css-ztn2h5\"><source srcset=\"https:\/\/itmalimentaire.fr\/wp-content\/uploads\/2025\/12\/2148648907.jpg 1x, https:\/\/itmalimentaire.fr\/wp-content\/uploads\/2025\/12\/2148648907.jpg 2x\" media=\"(min-width: 992px)\"><source srcset=\"https:\/\/itmalimentaire.fr\/wp-content\/uploads\/2025\/12\/2148648907.jpg 1x, https:\/\/itmalimentaire.fr\/wp-content\/uploads\/2025\/12\/2148648907.jpg 2x\" media=\"(min-width: 768px)\"><img decoding=\"async\" class=\"brz-img\" srcset=\"https:\/\/itmalimentaire.fr\/wp-content\/uploads\/2025\/12\/2148648907.jpg 1x, https:\/\/itmalimentaire.fr\/wp-content\/uploads\/2025\/12\/2148648907.jpg 2x\" src=\"https:\/\/itmalimentaire.fr\/wp-content\/uploads\/2025\/12\/2148648907.jpg\" loading=\"lazy\" alt=\"{{brizy_dc_image_alt imageSrc=\"wp-f4bef541182ccecfae92838f6634017a.jpg\"}}\" title=\"\" draggable=\"false\"><\/picture><\/div>\n<\/div>\n<\/div>\n<\/div>\n<\/section>\n<section id=\"fn2DrZarMDA8_fn2DrZarMDA8\" class=\"brz-section brz-css-d-section brz-css-1riy383\">\n<div class=\"brz-section__content brz-section--boxed brz-css-d-sectionitem-bg brz-css-1wgkiiv\" data-brz-custom-id=\"jgV7qU_72GHA\">\n<div class=\"brz-bg\">\n<div class=\"brz-bg-image\"><\/div>\n<\/div>\n<div class=\"brz-container brz-css-d-sectionitem-container brz-css-rqzv6b\">\n<div id=\"\" class=\"brz-css-d-wrapper brz-css-1jd9isn brz-wrapper\">\n<div class=\"brz-rich-text brz-rich-text__custom brz-css-d-richtext brz-css-rf3tmm\" data-brz-custom-id=\"ljsrBUYkjv6L\">\n<div data-brz-translate-text=\"1\">\n<h3 class=\"brz-text-lg-center brz-tp-lg-heading3 brz-css-q2be5\" data-generated-css=\"brz-css-ngBW1\" data-uniq-id=\"k4Tmg\"><strong class=\"brz-cp-color7\">Restons en contact<\/strong><\/h3>\n<\/div>\n<\/div>\n<\/div>\n<div id=\"\" class=\"brz-css-d-wrapper brz-css-awb9v0 brz-wrapper\">\n<div class=\"brz-rich-text brz-rich-text__custom brz-css-d-richtext brz-css-boboa5\" data-brz-custom-id=\"pTjPcfrDw5gM\">\n<div data-brz-translate-text=\"1\">\n<div class=\"ql-editor brz-css-rm4an\" data-gramm=\"false\" contenteditable=\"true\" data-placeholder=\"Enter text here...\">\n<p class=\"brz-tp-lg-abovetitle brz-text-lg-center brz-css-bpGx0\" data-uniq-id=\"uBHTX\" data-generated-css=\"brz-css-xtIuL\"><span class=\"brz-cp-color7\">Vous avez une question, un besoin sp\u00e9cifique ou souhaitez en savoir plus sur nos activit\u00e9s logistiques ?<\/span><\/p>\n<\/div>\n<div class=\"ql-clipboard brz-css-viUMg\" contenteditable=\"true\" tabindex=\"-1\"><\/div>\n<\/div>\n<\/div>\n<\/div>\n<div id=\"\" class=\"brz-css-d-wrapper brz-css-r-wrapper brz-css-1d12ogy brz-wrapper\">\n<div class=\"brz-spacer brz-css-d-spacer brz-css-1oaaksa\"><\/div>\n<\/div>\n<div id=\"\" class=\"brz-css-d-wrapper brz-css-yfjx9w brz-wrapper\">\n<div data-brz-form-version=\"2\" class=\"brz-forms2 brz-css-d-form2-form brz-css-1bqifac\" data-brz-custom-id=\"cLZXlcE9XIMm\">\n<form class=\"brz-form brz-d-xs-flex brz-flex-xs-wrap\" novalidate=\"\" action=\"https:\/\/itmalimentaire.fr\/wp-admin\/admin-ajax.php?nonce=d85275d0a2&amp;action=brizy_submit_form\" data-brz-form-id=\"cLZXlcE9XIMm\" data-brz-project-id=\"77d334ffb432d5a76ae09f29a62380a0\" data-brz-success=\"\" data-brz-error=\"\" data-brz-redirect=\"\" data-brz-empty=\"\" data-brz-form-type=\"default\" data-brz-translatable-default-success=\"Your email was sent successfully\" data-brz-translatable-default-error=\"Your email was not sent\" data-brz-translatable-default-empty=\"Please fill in the required fields\" data-brz-translatable-default-invalid=\"Please check your entry and try again\" data-brz-translatable-default-invalid-email=\"Please enter a valid email address (e.g., name@example.com)\">\n<div data-brz-translate-text=\"1\" class=\"brz-forms2__item brz-css-d-form2fields-fields brz-css-qr07qk brz-css-d-form2field-field brz-css-150wl5w\"><input type=\"email\" id=\"n8nYrvuQW5VC_1ccc86c3abb6ef57d58d\" name=\"lrRH2bas03ca\" placeholder=\"Email\" required=\"\" pattern=\"%5E((%5B%5E%3C%3E%5C(%5C)%5C%5B%5C%5D%5C%5C.,;:%5Cs@%22%5D+(%5C.%5B%5E%3C%3E%5C(%5C)%5C%5B%5C%5D%5C%5C.,;:%5Cs@%22%5D+)*)%7C(%22.+%22))@((%5C%5B%5B0-9%5D%7B1,3%7D%5C.%5B0-9%5D%7B1,3%7D%5C.%5B0-9%5D%7B1,3%7D%5C.%5B0-9%5D%7B1,3%7D%5C%5D)%7C((%5Ba-zA-Z%5C-0-9%5D+%5C.)+%5Ba-zA-Z%5D%7B2,%7D))$\" data-brz-type=\"Email\" data-brz-label=\"Email\" data-brz-placeholder=\"Email\" maxlength=\"255\" class=\"brz-input brz-forms2__field brz-forms2__field-email\" value=\"\"><\/div>\n<div class=\"brz-forms2 brz-forms2__item brz-forms2__item-button\" data-brz-custom-id=\"cLZXlcE9XIMm\"><button class=\"brz-btn brz-btn-submit brz-css-d-button-bg brz-css-p8vlt1\" data-brz-custom-id=\"rhYNdNfk3Chm\"><span data-brz-translate-text=\"1\" class=\"brz-span brz-text__editor\">Nous contacter<\/span><\/button><svg class=\"brz-icon-svg align-[initial] brz-form-spinner brz-invisible brz-ed-animated--spin\"><use href=\"\/wp-content\/plugins\/brizy\/public\/editor-build\/prod\/editor\/icons\/glyph\/circle-02.svg#nc_icon\"><\/use><\/svg><\/div>\n<div class=\"brz-g-recaptcha\" data-sitekey=\"\" data-size=\"invisible\" data-callback=\"brzFormV2Captcha\"><\/div>\n<\/form>\n<\/div>\n<\/div>\n<div id=\"\" class=\"brz-css-d-wrapper brz-css-1dpdlag brz-wrapper\">\n<div class=\"brz-rich-text brz-rich-text__custom brz-css-d-richtext brz-css-1c4g22x\" data-brz-custom-id=\"nc9562kDOSse\">\n<div data-brz-translate-text=\"1\">\n<div class=\"ql-editor brz-css-nVxbv\" data-gramm=\"false\" contenteditable=\"true\" data-placeholder=\"Enter text here...\">\n<p class=\"brz-fs-lg-11 brz-ft-google brz-ff-montserrat brz-tp-lg-empty brz-fsft-lg-0 brz-fwdth-lg-100 brz-vfw-lg-400 brz-lh-lg-1_8 brz-ls-lg-0 brz-fw-lg-400 brz-fss-lg-px brz-text-lg-center brz-css-dbVdt\" data-uniq-id=\"gLaqd\" data-generated-css=\"brz-css-pHUyh\"><span class=\"brz-cp-color7\">Nous r\u00e9pondons sous 24 \u00e0 48h ouvr\u00e9es.<\/span><\/p>\n<\/div>\n<div class=\"ql-clipboard brz-css-koHNW\" contenteditable=\"true\" tabindex=\"-1\"><\/div>\n<\/div>\n<\/div>\n<\/div>\n<\/div>\n<\/div>\n<\/section><\/div>\n<p><!-- version:1764868304 --><\/p>\n","protected":false},"excerpt":{"rendered":"<p>ITM ALIMENTAIRE A Propos de Un acteur r\u00e9gional au service de la performance logistique Notre engagement: fiabilit\u00e9, s\u00e9curit\u00e9 et performance Chez ITM ALIMENTAIRE, nous pla\u00e7ons la fiabilit\u00e9 op\u00e9rationnelle au c\u0153ur de notre activit\u00e9. Notre organisation est pens\u00e9e pour assurer : Une disponibilit\u00e9 continue des produits Un traitement conforme aux exigences du secteur alimentaire Une optimisation [&hellip;]<\/p>\n","protected":false},"author":1,"featured_media":0,"parent":0,"menu_order":0,"comment_status":"closed","ping_status":"closed","template":"brizy-blank-template.php","meta":{"footnotes":""},"class_list":["post-65","page","type-page","status-publish","hentry"],"blocksy_meta":[],"brizy_media":[{"id":215,"url":"https:\/\/itmalimentaire.fr\/wp-content\/uploads\/2025\/12\/2148648907.jpg","name":"2148648907.jpg","meta":{"brizy_attachment_uid":"wp-f4bef541182ccecfae92838f6634017a.jpg","brizy_post_uid":["6128e1d52686def568648db8d4cd4956","7d4bff7ae8f9821a9c1b6b6dddd1c426"]}}],"_links":{"self":[{"href":"https:\/\/itmalimentaire.fr\/index.php?rest_route=\/wp\/v2\/pages\/65","targetHints":{"allow":["GET"]}}],"collection":[{"href":"https:\/\/itmalimentaire.fr\/index.php?rest_route=\/wp\/v2\/pages"}],"about":[{"href":"https:\/\/itmalimentaire.fr\/index.php?rest_route=\/wp\/v2\/types\/page"}],"author":[{"embeddable":true,"href":"https:\/\/itmalimentaire.fr\/index.php?rest_route=\/wp\/v2\/users\/1"}],"replies":[{"embeddable":true,"href":"https:\/\/itmalimentaire.fr\/index.php?rest_route=%2Fwp%2Fv2%2Fcomments&post=65"}],"version-history":[{"count":5,"href":"https:\/\/itmalimentaire.fr\/index.php?rest_route=\/wp\/v2\/pages\/65\/revisions"}],"predecessor-version":[{"id":239,"href":"https:\/\/itmalimentaire.fr\/index.php?rest_route=\/wp\/v2\/pages\/65\/revisions\/239"}],"wp:attachment":[{"href":"https:\/\/itmalimentaire.fr\/index.php?rest_route=%2Fwp%2Fv2%2Fmedia&parent=65"}],"curies":[{"name":"wp","href":"https:\/\/api.w.org\/{rel}","templated":true}]}}