{"id":70,"date":"2025-09-15T14:13:25","date_gmt":"2025-09-15T14:13:25","guid":{"rendered":"https:\/\/websitebuilder-demo.net\/voltmaster\/?page_id=70"},"modified":"2025-12-04T18:13:07","modified_gmt":"2025-12-04T17:13:07","slug":"contact","status":"publish","type":"page","link":"https:\/\/itmalimentaire.fr\/?page_id=70","title":{"rendered":"Contact"},"content":{"rendered":"<div class=\"brz brz-root__container brz-reset-all brz-root__container-page\" >\n<section id=\"udJK6PD4wCkj_udJK6PD4wCkj\" class=\"brz-section brz-css-d-section brz-css-e3psw1\">\n<div class=\"brz-section__content brz-section--boxed brz-css-d-sectionitem-bg brz-css-15m29ln\" data-brz-custom-id=\"s6PP2_bLaqFp\">\n<div class=\"brz-bg\">\n<div data-type=\"bgVideoCustom\" data-loop=\"true\" data-start=\"0\" class=\"brz-bg-video\"><video class=\"brz-bg-video-custom brz-bg-video__cover\" muted=\"\" autoplay=\"\" playsinline=\"\" src=\"https:\/\/itmalimentaire.fr\/wp-content\/uploads\/2025\/12\/hero-bg-02.mp4\" data-src=\"https:\/\/itmalimentaire.fr\/wp-content\/uploads\/2025\/12\/hero-bg-02.mp4\" style=\"display:block\"><\/video><\/div>\n<div class=\"brz-bg-color\"><\/div>\n<\/div>\n<div class=\"brz-container brz-css-d-sectionitem-container brz-css-1c2jijp\">\n<div id=\"\" class=\"brz-css-d-wrapper brz-css-1igu5ua brz-wrapper\">\n<div class=\"brz-rich-text brz-rich-text__custom brz-css-d-richtext brz-css-n8lzf7\" data-brz-custom-id=\"auNYNZ8maBvK\">\n<div data-brz-translate-text=\"1\">\n<p class=\"brz-text-lg-center brz-tp-lg-paragraph brz-css-xXFSS\" data-uniq-id=\"r4F12\" data-generated-css=\"brz-css-l1j3q\"><span class=\"brz-cp-color8\" style=\"color: rgba(var(--brz-global-color8),1);\">CONTACT<\/span><\/p>\n<\/div>\n<\/div>\n<\/div>\n<div id=\"\" class=\"brz-css-d-wrapper brz-css-hp5kt3 brz-wrapper\">\n<div class=\"brz-rich-text brz-rich-text__custom brz-css-d-richtext brz-css-1dud4j1\" data-brz-custom-id=\"fCTM_9yH0tLz\">\n<div data-brz-translate-text=\"1\">\n<div class=\"ql-editor brz-css-lDAEA\" data-gramm=\"false\" contenteditable=\"true\" data-placeholder=\"Enter text here...\">\n<h1 class=\"brz-tp-lg-heading1 brz-text-lg-center brz-css-cE9L3\" data-uniq-id=\"y1Aoh\" data-generated-css=\"brz-css-jRH8i\"><span class=\"brz-cp-color8\" style=\"color: rgba(var(--brz-global-color8),1);\">ITM ALIMENTAIRE<\/span><\/h1>\n<\/div>\n<div class=\"ql-clipboard brz-css-zhaAz\" contenteditable=\"true\" tabindex=\"-1\"><\/div>\n<\/div>\n<\/div>\n<\/div>\n<div id=\"\" class=\"brz-css-d-wrapper brz-css-10aajjt brz-wrapper\">\n<div class=\"brz-rich-text brz-rich-text__custom brz-css-d-richtext brz-css-15pe3fi\" data-brz-custom-id=\"e3QeZ3_c8ZY_\">\n<div data-brz-translate-text=\"1\">\n<div class=\"ql-editor brz-css-oyIEa\" data-gramm=\"false\" contenteditable=\"true\" data-placeholder=\"Enter text here...\">\n<h3 class=\"brz-text-lg-center brz-tp-lg-heading3 brz-css-hjSF8\" data-uniq-id=\"kUHM5\" data-generated-css=\"brz-css-dUIAs\"><strong class=\"brz-cp-color8\" style=\"color: rgba(var(--brz-global-color8),1);\">Une \u00e9quipe \u00e0 votre \u00e9coute pour r\u00e9pondre \u00e0 toutes vos demandes<\/strong><\/h3>\n<p class=\"brz-text-lg-center brz-tp-lg-paragraph brz-css-duo01\" data-uniq-id=\"kUHM5\" data-generated-css=\"brz-css-dUIAs\"><\/p>\n<\/div>\n<div class=\"ql-clipboard brz-css-kCyVV\" contenteditable=\"true\" tabindex=\"-1\"><\/div>\n<\/div>\n<\/div>\n<\/div>\n<\/div>\n<\/div>\n<\/section>\n<section id=\"cWK2xR6wama3_cWK2xR6wama3\" class=\"brz-section brz-css-d-section brz-css-12aidqe\">\n<div class=\"brz-section__content brz-section--boxed brz-css-d-sectionitem-bg brz-css-fe2yi5\" data-brz-custom-id=\"y7vLrWy1noBB\">\n<div class=\"brz-bg\">\n<div class=\"brz-bg-color\"><\/div>\n<\/div>\n<div class=\"brz-container brz-css-d-sectionitem-container brz-css-r4znlc\">\n<div class=\"brz-row__container brz-css-d-row-row brz-css-6sgoyj\" data-brz-custom-id=\"n_DvfSmvVALd\">\n<div class=\"brz-row brz-css-d-row-container brz-css-r-row-container brz-css-1yo2pq7\">\n<div class=\"brz-columns brz-css-d-column-column brz-css-iev619\" data-brz-custom-id=\"oko470ezoGCh\">\n<div class=\"brz-column__items brz-css-d-column-bg brz-css-ar3dl7\">\n<div class=\"brz-wrapper-clone brz-flex-xs-wrap brz-css-d-cloneable brz-css-1ayfcnx\" data-brz-custom-id=\"btlevtTV_xfk\">\n<div class=\"brz-icon__container\" data-brz-custom-id=\"ghgGrmVkDF1l\"><span class=\"brz-icon brz-span brz-css-d-icon-icon brz-css-1s3cko6\"><svg class=\"brz-icon-svg align-[initial]\"><use href=\"\/wp-content\/plugins\/brizy\/public\/editor-build\/prod\/editor\/icons\/fa\/envelope.svg#fa_icon\"><\/use><\/svg><\/span><\/div>\n<\/div>\n<div id=\"\" class=\"brz-css-d-wrapper brz-css-li7ybx brz-wrapper\">\n<div class=\"brz-rich-text brz-rich-text__custom brz-css-d-richtext brz-css-1biqda3\" data-brz-custom-id=\"euS3ygv9fjg_\">\n<div data-brz-translate-text=\"1\">\n<h3 class=\"brz-text-lg-center brz-tp-lg-empty brz-ff-rajdhani brz-ft-google brz-fs-lg-30 brz-fss-lg-px brz-fw-lg-700 brz-ls-lg-0 brz-lh-lg-1_3 brz-vfw-lg-400 brz-fwdth-lg-100 brz-fsft-lg-0 brz-css-igGOS\" data-generated-css=\"brz-css-iGDq7\" data-uniq-id=\"kPYJw\"><strong class=\"brz-cp-color2\" style=\"background-color: rgb(239, 234, 230); color: rgb(30, 30, 30);\">Adresse si\u00e8ge&nbsp;<\/strong><\/h3>\n<\/div>\n<\/div>\n<\/div>\n<div id=\"\" class=\"brz-css-d-wrapper brz-css-t0owie brz-wrapper\">\n<div class=\"brz-rich-text brz-rich-text__custom brz-css-d-richtext brz-css-1y5z0u2\" data-brz-custom-id=\"tf3okyUhVwhr\">\n<div data-brz-translate-text=\"1\">\n<p class=\"brz-text-lg-center brz-fss-lg-px brz-fw-lg-400 brz-ls-lg-0 brz-lh-lg-1_8 brz-vfw-lg-400 brz-fwdth-lg-100 brz-fsft-lg-0 brz-tp-lg-empty brz-ff-open_sans brz-ft-google brz-fs-lg-20 brz-css-kM5_N\" data-generated-css=\"brz-css-lmBbs\" data-uniq-id=\"elHiL\"><span class=\"brz-cp-color7\" style=\"color: rgb(30, 30, 30); background-color: rgb(239, 234, 230);\">&nbsp;24 Rue Auguste Chabri\u00e8res, 75015<\/span><\/p>\n<p class=\"brz-text-lg-center brz-fss-lg-px brz-fw-lg-400 brz-ls-lg-0 brz-lh-lg-1_8 brz-vfw-lg-400 brz-fwdth-lg-100 brz-fsft-lg-0 brz-tp-lg-empty brz-ff-open_sans brz-ft-google brz-fs-lg-20 brz-css-t0Luf\" data-generated-css=\"brz-css-vMlXH\" data-uniq-id=\"rPYO3\"><span class=\"brz-cp-color7\" style=\"color: rgb(30, 30, 30); background-color: rgb(239, 234, 230);\"> Paris<\/span><\/p>\n<\/div>\n<\/div>\n<\/div>\n<\/div>\n<\/div>\n<div class=\"brz-columns brz-css-d-column-column brz-css-w13nki\" data-brz-custom-id=\"dbX0ZzrElNA5\">\n<div class=\"brz-column__items brz-css-d-column-bg brz-css-euc7zv\">\n<div class=\"brz-wrapper-clone brz-flex-xs-wrap brz-css-d-cloneable brz-css-10mogjy\" data-brz-custom-id=\"pZ6poJaRC5JA\">\n<div class=\"brz-icon__container\" data-brz-custom-id=\"wKV3ApmJyxMd\"><span class=\"brz-icon brz-span brz-css-d-icon-icon brz-css-mvqxqz\"><svg class=\"brz-icon-svg align-[initial]\"><use href=\"\/wp-content\/plugins\/brizy\/public\/editor-build\/prod\/editor\/icons\/glyph\/chat-round.svg#nc_icon\"><\/use><\/svg><\/span><\/div>\n<\/div>\n<div id=\"\" class=\"brz-css-d-wrapper brz-css-6ng6pp brz-wrapper\">\n<div class=\"brz-rich-text brz-rich-text__custom brz-css-d-richtext brz-css-1ssa9gn\" data-brz-custom-id=\"giKpAS8WF78g\">\n<div data-brz-translate-text=\"1\">\n<h3 class=\"brz-text-lg-center brz-tp-lg-empty brz-ff-rajdhani brz-ft-google brz-fs-lg-30 brz-fss-lg-px brz-fw-lg-700 brz-ls-lg-0 brz-lh-lg-1_3 brz-vfw-lg-400 brz-fwdth-lg-100 brz-fsft-lg-0 brz-css-uKFas\" data-uniq-id=\"os4ux\" data-generated-css=\"brz-css-ni7GG\"><strong class=\"brz-cp-color2\" style=\"background-color: rgb(239, 234, 230); color: rgb(30, 30, 30);\">Site logistique<\/strong><\/h3>\n<\/div>\n<\/div>\n<\/div>\n<div id=\"\" class=\"brz-css-d-wrapper brz-css-jcjbza brz-wrapper\">\n<div class=\"brz-rich-text brz-rich-text__custom brz-css-d-richtext brz-css-1pr1rto\" data-brz-custom-id=\"q6WK7eaqkrgs\">\n<div data-brz-translate-text=\"1\">\n<p class=\"brz-text-lg-center brz-fss-lg-px brz-fw-lg-400 brz-ls-lg-0 brz-lh-lg-1_8 brz-vfw-lg-400 brz-fwdth-lg-100 brz-fsft-lg-0 brz-tp-lg-empty brz-ff-open_sans brz-ft-google brz-fs-lg-20 brz-css-ie_CS\" data-uniq-id=\"hml_8\" data-generated-css=\"brz-css-u0BeF\"><span class=\"brz-cp-color2\" style=\"color: rgb(30, 30, 30); background-color: rgb(239, 234, 230);\">Prat de Valat, 82710<\/span><\/p>\n<p class=\"brz-text-lg-center brz-fss-lg-px brz-fw-lg-400 brz-ls-lg-0 brz-lh-lg-1_8 brz-vfw-lg-400 brz-fwdth-lg-100 brz-fsft-lg-0 brz-tp-lg-empty brz-ff-open_sans brz-ft-google brz-fs-lg-20 brz-css-uhVz1\" data-uniq-id=\"d2uLt\" data-generated-css=\"brz-css-mCE3C\"><span class=\"brz-cp-color2\" style=\"color: rgb(30, 30, 30); background-color: rgb(239, 234, 230);\">Bressols<\/span><\/p>\n<\/div>\n<\/div>\n<\/div>\n<\/div>\n<\/div>\n<\/div>\n<\/div>\n<\/div>\n<\/div>\n<\/section>\n<section id=\"p83Slmg13kbg_p83Slmg13kbg\" class=\"brz-section brz-css-d-section brz-css-1w0bhkj\">\n<div class=\"brz-section__content brz-section--boxed brz-css-d-sectionitem-bg brz-css-18qab2e\" data-brz-custom-id=\"x40E3ZPciioh\">\n<div class=\"brz-container brz-css-d-sectionitem-container brz-css-15vhmvk\">\n<div class=\"brz-row__container brz-css-d-row-row brz-css-1o788tp\" data-brz-custom-id=\"oyhDaKq0XcBr\">\n<div class=\"brz-row brz-css-d-row-container brz-css-r-row-container brz-css-xl2ufd\">\n<div class=\"brz-columns brz-css-d-column-column brz-css-198bsla\" data-brz-custom-id=\"uv6wAj8ajGRR\">\n<div class=\"brz-column__items brz-css-d-column-bg brz-css-1sttbog\">\n<div id=\"\" class=\"brz-css-d-wrapper brz-css-no31fg brz-wrapper\">\n<div class=\"brz-rich-text brz-rich-text__custom brz-css-d-richtext brz-css-1pxwuwn\" data-brz-custom-id=\"txziukX9PE5U\">\n<div data-brz-translate-text=\"1\">\n<div class=\"ql-editor brz-css-svDXF\" data-gramm=\"false\" contenteditable=\"true\" data-placeholder=\"Enter text here...\">\n<h2 class=\"brz-tp-lg-heading2 brz-css-rctxj\" data-uniq-id=\"wwKdh\" data-generated-css=\"brz-css-nqDAh\"><span class=\"brz-cp-color2\">Besoin d\u2019informations ?<\/span><\/h2>\n<\/div>\n<div class=\"ql-clipboard brz-css-iCWgI\" contenteditable=\"true\" tabindex=\"-1\"><\/div>\n<\/div>\n<\/div>\n<\/div>\n<div id=\"\" class=\"brz-css-d-wrapper brz-css-cracim brz-wrapper\">\n<div class=\"brz-rich-text brz-rich-text__custom brz-css-d-richtext brz-css-zbfatb\" data-brz-custom-id=\"hu97NaB_33MT\">\n<div data-brz-translate-text=\"1\">\n<div class=\"ql-editor brz-css-xw4lj\" data-gramm=\"false\" contenteditable=\"true\" data-placeholder=\"Enter text here...\">\n<p class=\"brz-tp-lg-paragraph brz-css-jW7CI\" data-uniq-id=\"hfJX6\" data-generated-css=\"brz-css-ipVOF\"><span class=\"brz-cp-color7\">Pour toute question li\u00e9e \u00e0 nos activit\u00e9s logistiques, \u00e0 la distribution r\u00e9gionale ou \u00e0 nos services d\u2019accompagnement, notre \u00e9quipe est \u00e0 votre disposition. Remplissez le formulaire ci-dessous et nous reviendrons vers vous dans les meilleurs d\u00e9lais.<\/span><\/p>\n<p class=\"brz-tp-lg-paragraph brz-css-qgsHF\" data-uniq-id=\"hfJX6\" data-generated-css=\"brz-css-ipVOF\"><\/p>\n<p class=\"brz-tp-lg-paragraph brz-css-mKVea\" data-uniq-id=\"hfJX6\" data-generated-css=\"brz-css-ipVOF\"><span class=\"brz-cp-color7\">Nous accompagnons au quotidien les enseignes et partenaires de la r\u00e9gion dans leurs besoins op\u00e9rationnels, d\u2019information et de coordination.<\/span><\/p>\n<\/div>\n<div class=\"ql-clipboard brz-css-wjjcJ\" contenteditable=\"true\" tabindex=\"-1\"><\/div>\n<\/div>\n<\/div>\n<\/div>\n<div id=\"\" class=\"brz-css-d-wrapper brz-css-r-wrapper brz-css-ov9izs brz-wrapper\">\n<div class=\"brz-spacer brz-css-d-spacer brz-css-1kglrbq\"><\/div>\n<\/div>\n<\/div>\n<\/div>\n<div class=\"brz-columns brz-css-d-column-column brz-css-1fwa11j\" data-brz-custom-id=\"b8B21ryYuPgC\">\n<div class=\"brz-column__items brz-css-d-column-bg brz-css-sfv6fk\">\n<div id=\"\" class=\"brz-css-d-wrapper brz-css-rnd5j8 brz-wrapper\">\n<div class=\"brz-map brz-map_styles brz-css-d-map brz-css-1oparjq\" data-brz-custom-id=\"sE30_301Kqwj\">\n<div class=\"brz-ui-ed-map-content\"><iframe class=\"intrinsic-ignore brz-ui-ed-iframe\" src=\"https:\/\/www.google.com\/maps\/embed\/v1\/place?key=AIzaSyCcywKcxXeMZiMwLDcLgyEnNglcLOyB_qw&amp;q= 24 Rue Auguste Chabri\u00e8res, 75015 Paris&amp;zoom=15\" title=\"map\"><\/iframe><\/div>\n<\/div>\n<\/div>\n<\/div>\n<\/div>\n<\/div>\n<\/div>\n<\/div>\n<\/div>\n<\/section>\n<section id=\"yreeQb_G4Bn5_yreeQb_G4Bn5\" class=\"brz-section brz-css-d-section brz-css-1pa4g4m\">\n<div class=\"brz-section__content brz-section--boxed brz-css-d-sectionitem-bg brz-css-s0k9to\" data-brz-custom-id=\"sEJ7kJCud7dt\">\n<div class=\"brz-bg\">\n<div class=\"brz-bg-image\"><\/div>\n<\/div>\n<div class=\"brz-container brz-css-d-sectionitem-container brz-css-14ch069\">\n<div class=\"brz-row__container brz-css-d-row-row brz-css-14vq2p6\" data-brz-custom-id=\"iVNWpFUuQtPy\">\n<div class=\"brz-row brz-css-d-row-container brz-css-r-row-container brz-css-1uxf3oo\">\n<div class=\"brz-columns brz-css-d-column-column brz-css-1dyb943\" data-brz-custom-id=\"rsMyumsi6kE8\">\n<div class=\"brz-column__items brz-css-d-column-bg brz-css-1vckqs6\">\n<div id=\"\" class=\"brz-css-d-wrapper brz-css-3rwljn brz-wrapper\">\n<div class=\"brz-rich-text brz-rich-text__custom brz-css-d-richtext brz-css-rloqjn\" data-brz-custom-id=\"qfhJm_h8l3hW\">\n<div data-brz-translate-text=\"1\">\n<div class=\"ql-editor brz-css-jrxAW\" data-gramm=\"false\" contenteditable=\"true\" data-placeholder=\"Enter text here...\">\n<p class=\"brz-tp-lg-abovetitle brz-css-lS0k1\" data-uniq-id=\"mZYLO\" data-generated-css=\"brz-css-duHTC\"><strong class=\"brz-cp-color7\">Nous contacter<\/strong><\/p>\n<\/div>\n<div class=\"ql-clipboard brz-css-fo_tq\" contenteditable=\"true\" tabindex=\"-1\"><\/div>\n<\/div>\n<\/div>\n<\/div>\n<div id=\"\" class=\"brz-css-d-wrapper brz-css-t2pqen brz-wrapper\">\n<div class=\"brz-rich-text brz-rich-text__custom brz-css-d-richtext brz-css-1wvigkt\" data-brz-custom-id=\"xn5DZ6KKhZmH\">\n<div data-brz-translate-text=\"1\">\n<p data-generated-css=\"brz-css-qIqCc\" data-uniq-id=\"gZC1f\" class=\"brz-fss-lg-px brz-fw-lg-700 brz-ls-lg-0 brz-lh-lg-1_2 brz-vfw-lg-400 brz-fwdth-lg-100 brz-fsft-lg-0 brz-tp-lg-empty brz-ff-rajdhani brz-ft-google brz-fs-lg-58 brz-css-wSt98\"><span class=\"brz-cp-color2\" style=\"color: rgba(var(--brz-global-color2),1);\">\u00c9changez avec nos \u00e9quipes pour en savoir plus.<\/span><\/p>\n<\/div>\n<\/div>\n<\/div>\n<div id=\"\" class=\"brz-css-d-wrapper brz-css-11nab8g brz-wrapper\">\n<div data-brz-form-version=\"2\" class=\"brz-forms2 brz-css-d-form2-form brz-css-7erasz\" data-brz-custom-id=\"vTssK78lLTWf\">\n<form class=\"brz-form brz-d-xs-flex brz-flex-xs-wrap\" novalidate=\"\" action=\"https:\/\/itmalimentaire.fr\/wp-admin\/admin-ajax.php?nonce=d85275d0a2&amp;action=brizy_submit_form\" data-brz-form-id=\"vTssK78lLTWf\" data-brz-project-id=\"77d334ffb432d5a76ae09f29a62380a0\" data-brz-success=\"\" data-brz-error=\"\" data-brz-redirect=\"\" data-brz-empty=\"\" data-brz-form-type=\"default\" data-brz-translatable-default-success=\"Your email was sent successfully\" data-brz-translatable-default-error=\"Your email was not sent\" data-brz-translatable-default-empty=\"Please fill in the required fields\" data-brz-translatable-default-invalid=\"Please check your entry and try again\" data-brz-translatable-default-invalid-email=\"Please enter a valid email address (e.g., name@example.com)\">\n<div data-brz-translate-text=\"1\" class=\"brz-forms2__item brz-css-d-form2fields-fields brz-css-1cj12s9 brz-css-d-form2field-field brz-css-1chpu07\"><label class=\"brz-label brz-forms2__field-label\" for=\"cTPX6yLpNNSr_2e6cf909d45625eef3bd\">Nom<\/label><input type=\"text\" id=\"cTPX6yLpNNSr_2e6cf909d45625eef3bd\" name=\"pRkiPjzsrq1G\" placeholder=\"\" required=\"\" data-brz-type=\"Text\" data-brz-label=\"Nom\" data-brz-placeholder=\"\" class=\"brz-input brz-forms2__field brz-forms2__field-text\" value=\"\"><\/div>\n<div data-brz-translate-text=\"1\" class=\"brz-forms2__item brz-css-d-form2fields-fields brz-css-1cj12s9 brz-css-d-form2field-field brz-css-105rz93\"><label class=\"brz-label brz-forms2__field-label\" for=\"nwMucta5yKCB_62dda63df903e3411e68\">E-mail<\/label><input type=\"email\" id=\"nwMucta5yKCB_62dda63df903e3411e68\" name=\"qYEvLTBiOSF_\" placeholder=\"\" required=\"\" pattern=\"%5E((%5B%5E%3C%3E%5C(%5C)%5C%5B%5C%5D%5C%5C.,;:%5Cs@%22%5D+(%5C.%5B%5E%3C%3E%5C(%5C)%5C%5B%5C%5D%5C%5C.,;:%5Cs@%22%5D+)*)%7C(%22.+%22))@((%5C%5B%5B0-9%5D%7B1,3%7D%5C.%5B0-9%5D%7B1,3%7D%5C.%5B0-9%5D%7B1,3%7D%5C.%5B0-9%5D%7B1,3%7D%5C%5D)%7C((%5Ba-zA-Z%5C-0-9%5D+%5C.)+%5Ba-zA-Z%5D%7B2,%7D))$\" data-brz-type=\"Email\" data-brz-label=\"E-mail\" data-brz-placeholder=\"\" maxlength=\"255\" class=\"brz-input brz-forms2__field brz-forms2__field-email\" value=\"\"><\/div>\n<div data-brz-translate-text=\"1\" class=\"brz-forms2__item brz-css-d-form2fields-fields brz-css-1cj12s9 brz-css-d-form2field-field brz-css-1vcedn2\"><label class=\"brz-label brz-forms2__field-label\" for=\"hS7dNOwUfRpJ_0976b67bcee6f7f1f0c1\">Message<\/label><textarea id=\"hS7dNOwUfRpJ_0976b67bcee6f7f1f0c1\" name=\"n0rGB8MM2Z7a\" placeholder=\"\" data-brz-type=\"Paragraph\" data-brz-label=\"Message\" data-brz-placeholder=\"\" class=\"brz-textarea brz-forms2__field brz-forms2__field-paragraph brz-p-events--none\"><\/textarea><\/div>\n<div data-brz-translate-text=\"1\" class=\"brz-forms2__item brz-css-d-form2fields-fields brz-css-1cj12s9 brz-css-d-form2field-field brz-css-1rbslsm\"><label class=\"brz-label brz-forms2__field-label\" for=\"qXZ5xI9loese_65a982b3e370fdc2eadf\"><\/label><\/p>\n<div class=\"brz-forms2__field brz-forms2__checkbox\">\n<div class=\"brz-control__check-group brz-forms2__checkbox-options\" data-value=\"Option 2,Option 1,I accept the terms,\">\n<div data-brz-translate-text=\"1\" class=\"brz-control__check-group-option brz-forms2__checkbox-option\"><input id=\"g7iuOLHxXqiO_65a982b3e370fdc2eadf\" class=\"brz-input\" type=\"checkbox\" name=\"e7ZJQj4HBAIw\" required=\"\" data-brz-type=\"Checkbox\" data-brz-label=\"\" value=\"J\u2019accepte les conditions\"><label class=\"brz-label\" for=\"g7iuOLHxXqiO_65a982b3e370fdc2eadf\"><\/p>\n<div class=\"brz-control__check-group-icon brz-control__check-group--check\"><svg class=\"brz-icon-svg align-[initial] brz-d-block\"><use href=\"\/wp-content\/plugins\/brizy\/public\/editor-build\/prod\/editor\/icons\/editor\/check-square-on.svg#brz_icon\"><\/use><\/svg><\/div>\n<div class=\"brz-control__check-group-icon brz-control__check-group--uncheck\"><svg class=\"brz-icon-svg align-[initial] brz-d-block\"><use href=\"\/wp-content\/plugins\/brizy\/public\/editor-build\/prod\/editor\/icons\/editor\/check-square-off.svg#brz_icon\"><\/use><\/svg><\/div>\n<p><span class=\"brz-forms2__checkbox-option-name brz-span\">J\u2019accepte les conditions<\/span><\/label><\/div>\n<\/div>\n<\/div>\n<\/div>\n<div class=\"brz-forms2 brz-forms2__item brz-forms2__item-button\" data-brz-custom-id=\"vTssK78lLTWf\"><button class=\"brz-btn brz-btn-submit brz-css-d-button-bg brz-css-jkoz59\" data-brz-custom-id=\"a0o3P0eLVY1F\"><span data-brz-translate-text=\"1\" class=\"brz-span brz-text__editor\">Envoyer<\/span><\/button><svg class=\"brz-icon-svg align-[initial] brz-form-spinner brz-invisible brz-ed-animated--spin\"><use href=\"\/wp-content\/plugins\/brizy\/public\/editor-build\/prod\/editor\/icons\/glyph\/circle-02.svg#nc_icon\"><\/use><\/svg><\/div>\n<div class=\"brz-g-recaptcha\" data-sitekey=\"\" data-size=\"invisible\" data-callback=\"brzFormV2Captcha\"><\/div>\n<\/form>\n<\/div>\n<\/div>\n<\/div>\n<\/div>\n<\/div>\n<\/div>\n<\/div>\n<\/div>\n<\/section><\/div>\n<p><!-- version:1764868387 --><\/p>\n","protected":false},"excerpt":{"rendered":"<p>CONTACT ITM ALIMENTAIRE Une \u00e9quipe \u00e0 votre \u00e9coute pour r\u00e9pondre \u00e0 toutes vos demandes Adresse si\u00e8ge&nbsp; &nbsp;24 Rue Auguste Chabri\u00e8res, 75015 Paris Site logistique Prat de Valat, 82710 Bressols Besoin d\u2019informations ? Pour toute question li\u00e9e \u00e0 nos activit\u00e9s logistiques, \u00e0 la distribution r\u00e9gionale ou \u00e0 nos services d\u2019accompagnement, notre \u00e9quipe est \u00e0 votre disposition. [&hellip;]<\/p>\n","protected":false},"author":1,"featured_media":0,"parent":0,"menu_order":0,"comment_status":"closed","ping_status":"closed","template":"brizy-blank-template.php","meta":{"footnotes":""},"class_list":["post-70","page","type-page","status-publish","hentry"],"blocksy_meta":[],"brizy_media":[{"id":173,"url":"https:\/\/itmalimentaire.fr\/wp-content\/uploads\/2025\/12\/transport-distribution.png","name":"transport-distribution.png","meta":{"brizy_attachment_uid":"wp-4e7b4e1f25a4407b3907bf4b5d8a9306.png","brizy_post_uid":["0c24c7c584abc071d2ad8bd81390944e","9792579034b7e00cb7e5f0a0ebc8663c","7d4bff7ae8f9821a9c1b6b6dddd1c426"]}}],"_links":{"self":[{"href":"https:\/\/itmalimentaire.fr\/index.php?rest_route=\/wp\/v2\/pages\/70","targetHints":{"allow":["GET"]}}],"collection":[{"href":"https:\/\/itmalimentaire.fr\/index.php?rest_route=\/wp\/v2\/pages"}],"about":[{"href":"https:\/\/itmalimentaire.fr\/index.php?rest_route=\/wp\/v2\/types\/page"}],"author":[{"embeddable":true,"href":"https:\/\/itmalimentaire.fr\/index.php?rest_route=\/wp\/v2\/users\/1"}],"replies":[{"embeddable":true,"href":"https:\/\/itmalimentaire.fr\/index.php?rest_route=%2Fwp%2Fv2%2Fcomments&post=70"}],"version-history":[{"count":3,"href":"https:\/\/itmalimentaire.fr\/index.php?rest_route=\/wp\/v2\/pages\/70\/revisions"}],"predecessor-version":[{"id":241,"href":"https:\/\/itmalimentaire.fr\/index.php?rest_route=\/wp\/v2\/pages\/70\/revisions\/241"}],"wp:attachment":[{"href":"https:\/\/itmalimentaire.fr\/index.php?rest_route=%2Fwp%2Fv2%2Fmedia&parent=70"}],"curies":[{"name":"wp","href":"https:\/\/api.w.org\/{rel}","templated":true}]}}